{"id":15,"date":"2015-09-22T15:16:06","date_gmt":"2015-09-22T13:16:06","guid":{"rendered":"http:\/\/www.venus-dessous.ch\/?page_id=15"},"modified":"2019-04-03T19:30:07","modified_gmt":"2019-04-03T17:30:07","slug":"ueber-uns","status":"publish","type":"page","link":"http:\/\/www.venus-dessous.ch\/index.php\/ueber-uns\/","title":{"rendered":"\u00dcber uns"},"content":{"rendered":"<p><strong>Pers\u00f6nlich (Wie alles begann)<\/strong><br \/>\nDas Sprichwort \u00abVerwirklichen Sie Ihre Tr\u00e4ume, sonst w\u00e4chst Gras dar\u00fcber\u00bb stand am Anfang der T\u00e4tigkeit von Denise Suter. Begeisterung und der Glaube an das Gelingen ist das, was man mitbringen muss, um erfolgreich zu sein\u2026<\/p>\n<p>Dreiseitiger Bericht hier runterladen und lesen\u2026.<\/p>\n<p><a href=\"http:\/\/www.venus-dessous.ch\/wp-content\/uploads\/2015\/09\/Bericht_1.pdf\">Bericht_1<\/a> <a href=\"http:\/\/www.venus-dessous.ch\/wp-content\/uploads\/2015\/09\/Bericht_2.pdf\">Bericht_2<\/a> <a href=\"http:\/\/www.venus-dessous.ch\/wp-content\/uploads\/2015\/09\/Bericht_3.pdf\">Bericht_3<\/a><\/p>\n<p><a href=\"http:\/\/www.venus-dessous.ch\/wp-content\/uploads\/2015\/09\/ccc-300x231.jpg\"><img loading=\"lazy\" decoding=\"async\" class=\"alignleft size-medium wp-image-70\" src=\"http:\/\/www.venus-dessous.ch\/wp-content\/uploads\/2015\/09\/ccc-300x231-300x231.jpg\" alt=\"ccc-300x231\" width=\"300\" height=\"231\" \/><\/a><\/p>\n<p>&nbsp;<\/p>\n<p>&nbsp;<\/p>\n<p>&nbsp;<\/p>\n<p>&nbsp;<\/p>\n<p>&nbsp;<\/p>\n<p>&nbsp;<\/p>\n<p>&nbsp;<\/p>\n<p><strong>Zeitungsbericht:<\/strong><br \/>\nVENUS-DESSOUS \u2013 Geheimtipp f\u00fcr feine Unterw\u00e4sche\u2026<\/p>\n<p><a href=\"http:\/\/www.venus-dessous.ch\/wp-content\/uploads\/2015\/09\/inserat.pdf\">inserat<\/a><\/p>\n","protected":false},"excerpt":{"rendered":"<p>Pers\u00f6nlich (Wie alles begann) Das Sprichwort \u00abVerwirklichen Sie Ihre Tr\u00e4ume, sonst w\u00e4chst Gras dar\u00fcber\u00bb stand am Anfang der T\u00e4tigkeit von Denise Suter. Begeisterung und der Glaube an das Gelingen ist das, was man mitbringen muss, um erfolgreich zu sein\u2026 Dreiseitiger<\/p>\n","protected":false},"author":1,"featured_media":0,"parent":0,"menu_order":1,"comment_status":"closed","ping_status":"closed","template":"","meta":{"footnotes":""},"class_list":["post-15","page","type-page","status-publish","hentry"],"_links":{"self":[{"href":"http:\/\/www.venus-dessous.ch\/index.php\/wp-json\/wp\/v2\/pages\/15","targetHints":{"allow":["GET"]}}],"collection":[{"href":"http:\/\/www.venus-dessous.ch\/index.php\/wp-json\/wp\/v2\/pages"}],"about":[{"href":"http:\/\/www.venus-dessous.ch\/index.php\/wp-json\/wp\/v2\/types\/page"}],"author":[{"embeddable":true,"href":"http:\/\/www.venus-dessous.ch\/index.php\/wp-json\/wp\/v2\/users\/1"}],"replies":[{"embeddable":true,"href":"http:\/\/www.venus-dessous.ch\/index.php\/wp-json\/wp\/v2\/comments?post=15"}],"version-history":[{"count":4,"href":"http:\/\/www.venus-dessous.ch\/index.php\/wp-json\/wp\/v2\/pages\/15\/revisions"}],"predecessor-version":[{"id":74,"href":"http:\/\/www.venus-dessous.ch\/index.php\/wp-json\/wp\/v2\/pages\/15\/revisions\/74"}],"wp:attachment":[{"href":"http:\/\/www.venus-dessous.ch\/index.php\/wp-json\/wp\/v2\/media?parent=15"}],"curies":[{"name":"wp","href":"https:\/\/api.w.org\/{rel}","templated":true}]}}